{"id":96,"date":"2012-10-24T08:54:28","date_gmt":"2012-10-24T08:54:28","guid":{"rendered":"http:\/\/letspilates.es\/nueva\/?page_id=96"},"modified":"2024-06-06T11:59:33","modified_gmt":"2024-06-06T11:59:33","slug":"pilates-para-deportistas-de-elite","status":"publish","type":"page","link":"https:\/\/letspilates.es\/eus\/metodo-pilates\/pilates-para-deportistas-de-elite\/","title":{"rendered":"Pilates para Deportistas de \u00c9lite"},"content":{"rendered":"<div data-elementor-type=\"wp-page\" data-elementor-id=\"96\" class=\"elementor elementor-96\" data-elementor-post-type=\"page\">\n\t\t\t\t<div class=\"elementor-element elementor-element-ff939a4 e-flex e-con-boxed e-con e-parent\" data-id=\"ff939a4\" data-element_type=\"container\" data-e-type=\"container\">\n\t\t\t\t\t<div class=\"e-con-inner\">\n\t\t\t\t<div class=\"elementor-element elementor-element-eb9453c elementor-widget elementor-widget-heading\" data-id=\"eb9453c\" data-element_type=\"widget\" data-e-type=\"widget\" data-widget_type=\"heading.default\">\n\t\t\t\t<div class=\"elementor-widget-container\">\n\t\t\t\t\t<h2 class=\"elementor-heading-title elementor-size-default\">Pilates para Deportistas de \u00c9lite<\/h2>\t\t\t\t<\/div>\n\t\t\t\t<\/div>\n\t\t\t\t\t<\/div>\n\t\t\t\t<\/div>\n\t\t<div class=\"elementor-element elementor-element-482c5cb2 e-flex e-con-boxed e-con e-parent\" data-id=\"482c5cb2\" data-element_type=\"container\" data-e-type=\"container\">\n\t\t\t\t\t<div class=\"e-con-inner\">\n\t\t\t\t<div class=\"elementor-element elementor-element-142e3948 elementor-widget elementor-widget-text-editor\" data-id=\"142e3948\" data-element_type=\"widget\" data-e-type=\"widget\" data-widget_type=\"text-editor.default\">\n\t\t\t\t<div class=\"elementor-widget-container\">\n\t\t\t\t\t\t\t\t\tTomar conciencia corporal y entender porque y para qu\u00e9 trabajamos desde un determinado m\u00fasculo, no es tarea f\u00e1cil. Todos los componentes esenciales de este m\u00e9todo, <strong>respiraci\u00f3n, concentraci\u00f3n, precisi\u00f3n control de movimientos, conciencia corporal, fluidez de movimientos y estabilidad, son elementos que estos deportistas conocen bien, y fortalecer la musculatura interna \u201cde dentro a afuera\u201d requiere de esta t\u00e9cnica tan precisa.<\/strong>\r\n\r\nEl <strong>Pilates para deportistas de elite<\/strong> mejora su disciplina y les ayuda a mejorar aquellos aspectos en los que se encuentren m\u00e1s d\u00e9biles.\t\t\t\t\t\t\t\t<\/div>\n\t\t\t\t<\/div>\n\t\t\t\t\t<\/div>\n\t\t\t\t<\/div>\n\t\t\t\t<\/div>","protected":false},"excerpt":{"rendered":"<p>Pilates para Deportistas de \u00c9lite Tomar conciencia corporal y entender porque y para qu\u00e9 trabajamos desde un determinado m\u00fasculo, no es tarea f\u00e1cil. Todos los componentes esenciales de este m\u00e9todo, respiraci\u00f3n, concentraci\u00f3n, precisi\u00f3n control de movimientos, conciencia corporal, fluidez de movimientos y estabilidad, son elementos que estos deportistas conocen bien, y fortalecer la musculatura interna [&hellip;]<\/p>\n","protected":false},"author":1040,"featured_media":0,"parent":45,"menu_order":0,"comment_status":"closed","ping_status":"closed","template":"","meta":{"footnotes":""},"class_list":["post-96","page","type-page","status-publish","hentry"],"yoast_head":"<!-- This site is optimized with the Yoast SEO plugin v27.5 - https:\/\/yoast.com\/product\/yoast-seo-wordpress\/ -->\n<title>Pilates para Deportistas de \u00c9lite - Let&#039;s Pilates Getxo - Lets Pilates Bilbao<\/title>\n<meta name=\"robots\" content=\"index, follow, max-snippet:-1, max-image-preview:large, max-video-preview:-1\" \/>\n<link rel=\"canonical\" href=\"https:\/\/letspilates.es\/eus\/metodo-pilates\/pilates-para-deportistas-de-elite\/\" \/>\n<meta property=\"og:locale\" content=\"en_US\" \/>\n<meta property=\"og:type\" content=\"article\" \/>\n<meta property=\"og:title\" content=\"Pilates para Deportistas de \u00c9lite - Let&#039;s Pilates Getxo - Lets Pilates Bilbao\" \/>\n<meta property=\"og:description\" content=\"Pilates para Deportistas de \u00c9lite Tomar conciencia corporal y entender porque y para qu\u00e9 trabajamos desde un determinado m\u00fasculo, no es tarea f\u00e1cil. Todos los componentes esenciales de este m\u00e9todo, respiraci\u00f3n, concentraci\u00f3n, precisi\u00f3n control de movimientos, conciencia corporal, fluidez de movimientos y estabilidad, son elementos que estos deportistas conocen bien, y fortalecer la musculatura interna [&hellip;]\" \/>\n<meta property=\"og:url\" content=\"https:\/\/letspilates.es\/eus\/metodo-pilates\/pilates-para-deportistas-de-elite\/\" \/>\n<meta property=\"og:site_name\" content=\"Let&#039;s Pilates Getxo - Lets Pilates Bilbao\" \/>\n<meta property=\"article:modified_time\" content=\"2024-06-06T11:59:33+00:00\" \/>\n<meta name=\"twitter:card\" content=\"summary_large_image\" \/>\n<script type=\"application\/ld+json\" class=\"yoast-schema-graph\">{\"@context\":\"https:\\\/\\\/schema.org\",\"@graph\":[{\"@type\":\"WebPage\",\"@id\":\"https:\\\/\\\/letspilates.es\\\/metodo-pilates\\\/pilates-para-deportistas-de-elite\\\/\",\"url\":\"https:\\\/\\\/letspilates.es\\\/metodo-pilates\\\/pilates-para-deportistas-de-elite\\\/\",\"name\":\"Pilates para Deportistas de \u00c9lite - Let&#039;s Pilates Getxo - Lets Pilates Bilbao\",\"isPartOf\":{\"@id\":\"https:\\\/\\\/letspilates.es\\\/#website\"},\"datePublished\":\"2012-10-24T08:54:28+00:00\",\"dateModified\":\"2024-06-06T11:59:33+00:00\",\"breadcrumb\":{\"@id\":\"https:\\\/\\\/letspilates.es\\\/metodo-pilates\\\/pilates-para-deportistas-de-elite\\\/#breadcrumb\"},\"inLanguage\":\"eu\",\"potentialAction\":[{\"@type\":\"ReadAction\",\"target\":[\"https:\\\/\\\/letspilates.es\\\/metodo-pilates\\\/pilates-para-deportistas-de-elite\\\/\"]}]},{\"@type\":\"BreadcrumbList\",\"@id\":\"https:\\\/\\\/letspilates.es\\\/metodo-pilates\\\/pilates-para-deportistas-de-elite\\\/#breadcrumb\",\"itemListElement\":[{\"@type\":\"ListItem\",\"position\":1,\"name\":\"Portada\",\"item\":\"https:\\\/\\\/letspilates.es\\\/\"},{\"@type\":\"ListItem\",\"position\":2,\"name\":\"Metodo Pilates\",\"item\":\"https:\\\/\\\/letspilates.es\\\/metodo-pilates\\\/\"},{\"@type\":\"ListItem\",\"position\":3,\"name\":\"Pilates para Deportistas de \u00c9lite\"}]},{\"@type\":\"WebSite\",\"@id\":\"https:\\\/\\\/letspilates.es\\\/#website\",\"url\":\"https:\\\/\\\/letspilates.es\\\/\",\"name\":\"Let&#039;s Pilates Getxo - Lets Pilates Bilbao\",\"description\":\"El aut\u00e9ntico m\u00e9todo pilates\",\"potentialAction\":[{\"@type\":\"SearchAction\",\"target\":{\"@type\":\"EntryPoint\",\"urlTemplate\":\"https:\\\/\\\/letspilates.es\\\/?s={search_term_string}\"},\"query-input\":{\"@type\":\"PropertyValueSpecification\",\"valueRequired\":true,\"valueName\":\"search_term_string\"}}],\"inLanguage\":\"eu\"}]}<\/script>\n<!-- \/ Yoast SEO plugin. -->","yoast_head_json":{"title":"Pilates para Deportistas de \u00c9lite - Let&#039;s Pilates Getxo - Lets Pilates Bilbao","robots":{"index":"index","follow":"follow","max-snippet":"max-snippet:-1","max-image-preview":"max-image-preview:large","max-video-preview":"max-video-preview:-1"},"canonical":"https:\/\/letspilates.es\/eus\/metodo-pilates\/pilates-para-deportistas-de-elite\/","og_locale":"en_US","og_type":"article","og_title":"Pilates para Deportistas de \u00c9lite - Let&#039;s Pilates Getxo - Lets Pilates Bilbao","og_description":"Pilates para Deportistas de \u00c9lite Tomar conciencia corporal y entender porque y para qu\u00e9 trabajamos desde un determinado m\u00fasculo, no es tarea f\u00e1cil. Todos los componentes esenciales de este m\u00e9todo, respiraci\u00f3n, concentraci\u00f3n, precisi\u00f3n control de movimientos, conciencia corporal, fluidez de movimientos y estabilidad, son elementos que estos deportistas conocen bien, y fortalecer la musculatura interna [&hellip;]","og_url":"https:\/\/letspilates.es\/eus\/metodo-pilates\/pilates-para-deportistas-de-elite\/","og_site_name":"Let&#039;s Pilates Getxo - Lets Pilates Bilbao","article_modified_time":"2024-06-06T11:59:33+00:00","twitter_card":"summary_large_image","schema":{"@context":"https:\/\/schema.org","@graph":[{"@type":"WebPage","@id":"https:\/\/letspilates.es\/metodo-pilates\/pilates-para-deportistas-de-elite\/","url":"https:\/\/letspilates.es\/metodo-pilates\/pilates-para-deportistas-de-elite\/","name":"Pilates para Deportistas de \u00c9lite - Let&#039;s Pilates Getxo - Lets Pilates Bilbao","isPartOf":{"@id":"https:\/\/letspilates.es\/#website"},"datePublished":"2012-10-24T08:54:28+00:00","dateModified":"2024-06-06T11:59:33+00:00","breadcrumb":{"@id":"https:\/\/letspilates.es\/metodo-pilates\/pilates-para-deportistas-de-elite\/#breadcrumb"},"inLanguage":"eu","potentialAction":[{"@type":"ReadAction","target":["https:\/\/letspilates.es\/metodo-pilates\/pilates-para-deportistas-de-elite\/"]}]},{"@type":"BreadcrumbList","@id":"https:\/\/letspilates.es\/metodo-pilates\/pilates-para-deportistas-de-elite\/#breadcrumb","itemListElement":[{"@type":"ListItem","position":1,"name":"Portada","item":"https:\/\/letspilates.es\/"},{"@type":"ListItem","position":2,"name":"Metodo Pilates","item":"https:\/\/letspilates.es\/metodo-pilates\/"},{"@type":"ListItem","position":3,"name":"Pilates para Deportistas de \u00c9lite"}]},{"@type":"WebSite","@id":"https:\/\/letspilates.es\/#website","url":"https:\/\/letspilates.es\/","name":"Let&#039;s Pilates Getxo - Lets Pilates Bilbao","description":"El aut\u00e9ntico m\u00e9todo pilates","potentialAction":[{"@type":"SearchAction","target":{"@type":"EntryPoint","urlTemplate":"https:\/\/letspilates.es\/?s={search_term_string}"},"query-input":{"@type":"PropertyValueSpecification","valueRequired":true,"valueName":"search_term_string"}}],"inLanguage":"eu"}]}},"_links":{"self":[{"href":"https:\/\/letspilates.es\/eus\/wp-json\/wp\/v2\/pages\/96","targetHints":{"allow":["GET"]}}],"collection":[{"href":"https:\/\/letspilates.es\/eus\/wp-json\/wp\/v2\/pages"}],"about":[{"href":"https:\/\/letspilates.es\/eus\/wp-json\/wp\/v2\/types\/page"}],"author":[{"embeddable":true,"href":"https:\/\/letspilates.es\/eus\/wp-json\/wp\/v2\/users\/1040"}],"replies":[{"embeddable":true,"href":"https:\/\/letspilates.es\/eus\/wp-json\/wp\/v2\/comments?post=96"}],"version-history":[{"count":8,"href":"https:\/\/letspilates.es\/eus\/wp-json\/wp\/v2\/pages\/96\/revisions"}],"predecessor-version":[{"id":130436,"href":"https:\/\/letspilates.es\/eus\/wp-json\/wp\/v2\/pages\/96\/revisions\/130436"}],"up":[{"embeddable":true,"href":"https:\/\/letspilates.es\/eus\/wp-json\/wp\/v2\/pages\/45"}],"wp:attachment":[{"href":"https:\/\/letspilates.es\/eus\/wp-json\/wp\/v2\/media?parent=96"}],"curies":[{"name":"wp","href":"https:\/\/api.w.org\/{rel}","templated":true}]}}