{"id":21,"date":"2012-10-02T15:42:50","date_gmt":"2012-10-02T15:42:50","guid":{"rendered":"http:\/\/letspilates.es\/nueva\/?page_id=21"},"modified":"2024-06-06T10:24:35","modified_gmt":"2024-06-06T10:24:35","slug":"precios-pilates-bilbao-getxo","status":"publish","type":"page","link":"https:\/\/letspilates.es\/eus\/precios-pilates-bilbao-getxo\/","title":{"rendered":"Precios"},"content":{"rendered":"<div data-elementor-type=\"wp-page\" data-elementor-id=\"21\" class=\"elementor elementor-21\" data-elementor-post-type=\"page\">\n\t\t\t\t<div class=\"elementor-element elementor-element-64842e4 e-flex e-con-boxed e-con e-parent\" data-id=\"64842e4\" data-element_type=\"container\" data-e-type=\"container\">\n\t\t\t\t\t<div class=\"e-con-inner\">\n\t\t\t\t<div class=\"elementor-element elementor-element-a879b73 elementor-widget__width-initial elementor-widget elementor-widget-heading\" data-id=\"a879b73\" data-element_type=\"widget\" data-e-type=\"widget\" data-widget_type=\"heading.default\">\n\t\t\t\t<div class=\"elementor-widget-container\">\n\t\t\t\t\t<h2 class=\"elementor-heading-title elementor-size-default\">Precios<\/h2>\t\t\t\t<\/div>\n\t\t\t\t<\/div>\n\t\t\t\t\t<\/div>\n\t\t\t\t<\/div>\n\t\t<div class=\"elementor-element elementor-element-3aac0a18 e-flex e-con-boxed e-con e-parent\" data-id=\"3aac0a18\" data-element_type=\"container\" data-e-type=\"container\">\n\t\t\t\t\t<div class=\"e-con-inner\">\n\t\t\t\t<div class=\"elementor-element elementor-element-498ff93e elementor-widget elementor-widget-text-editor\" data-id=\"498ff93e\" data-element_type=\"widget\" data-e-type=\"widget\" data-widget_type=\"text-editor.default\">\n\t\t\t\t<div class=\"elementor-widget-container\">\n\t\t\t\t\t\t\t\t\t<table id=\"tabla_precios\" style=\"height: 318px;\" width=\"357\">\n<tbody>\n<tr>\n<td colspan=\"2\">\n<h3>TARIFAS<\/h3>\n<\/td>\n<\/tr>\n<tr>\n<td><\/td>\n<td><\/td>\n<\/tr>\n<tr>\n<td>Pack inicio 4 clases privadas<\/td>\n<td>240 \u20ac<\/td>\n<\/tr>\n<tr>\n<td>Clases de m\u00e1quinas 2 d\u00edas a la semana<\/td>\n<td>135 \u20ac \/ mes<\/td>\n<\/tr>\n<tr>\n<td>Clases privadas<\/td>\n<td>\u00a060 \u20ac por sesi\u00f3n<\/td>\n<\/tr>\n<tr>\n<td>Clases semiprivadas<\/td>\n<td>35 \u20ac sesi\u00f3n y pers.<\/td>\n<\/tr>\n<tr>\n<td><\/td>\n<td><\/td>\n<\/tr>\n<\/tbody>\n<\/table>\nEn Let\u00b4s Pilates ofrecemos diferentes tipos de clases en funci\u00f3n de las caracter\u00edsticas o apetencias de los clientes.\n<ul>\n \t<li><strong>Clases con m\u00e1quinas, privadas o en grupo<\/strong> (max 5pers)<\/li>\n<\/ul>\nTodo el que est\u00e9 interesado en comenzar clases en grupo y que no haya trabajado antes con el m\u00e9todo Pilates debe realizar un curso de iniciaci\u00f3n que consiste en 4 clases privadas, donde el monitor realizar\u00e1 una ficha personal de cada cliente, indicando objetivos, posibles lesiones, actividades f\u00edsicas que realiza, etc\u2026\n\nEl monitor evaluar\u00e1 el nivel y condici\u00f3n f\u00edsica de cada cliente y decidir\u00e1 si puede acceder a un grupo o por el contrario si tiene que seguir practicando antes de hacerlo.\n<h2 class=\"titles\">Horario<\/h2>\nHorario continuo de 09:00h a 21:00h de Lunes a Jueves, Viernes de 09:00-14:00h.\nConsultar para ver disponibilidad.\t\t\t\t\t\t\t\t<\/div>\n\t\t\t\t<\/div>\n\t\t\t\t\t<\/div>\n\t\t\t\t<\/div>\n\t\t\t\t<\/div>","protected":false},"excerpt":{"rendered":"<p>Precios TARIFAS Pack inicio 4 clases privadas 240 \u20ac Clases de m\u00e1quinas 2 d\u00edas a la semana 135 \u20ac \/ mes Clases privadas \u00a060 \u20ac por sesi\u00f3n Clases semiprivadas 35 \u20ac sesi\u00f3n y pers. En Let\u00b4s Pilates ofrecemos diferentes tipos de clases en funci\u00f3n de las caracter\u00edsticas o apetencias de los clientes. Clases con m\u00e1quinas, [&hellip;]<\/p>\n","protected":false},"author":1040,"featured_media":0,"parent":0,"menu_order":4,"comment_status":"closed","ping_status":"closed","template":"","meta":{"footnotes":""},"class_list":["post-21","page","type-page","status-publish","hentry"],"yoast_head":"<!-- This site is optimized with the Yoast SEO plugin v27.5 - https:\/\/yoast.com\/product\/yoast-seo-wordpress\/ -->\n<title>Precios - Let&#039;s Pilates Getxo - Lets Pilates Bilbao<\/title>\n<meta name=\"robots\" content=\"index, follow, max-snippet:-1, max-image-preview:large, max-video-preview:-1\" \/>\n<link rel=\"canonical\" href=\"https:\/\/letspilates.es\/eus\/precios-pilates-bilbao-getxo\/\" \/>\n<meta property=\"og:locale\" content=\"en_US\" \/>\n<meta property=\"og:type\" content=\"article\" \/>\n<meta property=\"og:title\" content=\"Precios - Let&#039;s Pilates Getxo - Lets Pilates Bilbao\" \/>\n<meta property=\"og:description\" content=\"Precios TARIFAS Pack inicio 4 clases privadas 240 \u20ac Clases de m\u00e1quinas 2 d\u00edas a la semana 135 \u20ac \/ mes Clases privadas \u00a060 \u20ac por sesi\u00f3n Clases semiprivadas 35 \u20ac sesi\u00f3n y pers. En Let\u00b4s Pilates ofrecemos diferentes tipos de clases en funci\u00f3n de las caracter\u00edsticas o apetencias de los clientes. Clases con m\u00e1quinas, [&hellip;]\" \/>\n<meta property=\"og:url\" content=\"https:\/\/letspilates.es\/eus\/precios-pilates-bilbao-getxo\/\" \/>\n<meta property=\"og:site_name\" content=\"Let&#039;s Pilates Getxo - Lets Pilates Bilbao\" \/>\n<meta property=\"article:modified_time\" content=\"2024-06-06T10:24:35+00:00\" \/>\n<meta name=\"twitter:card\" content=\"summary_large_image\" \/>\n<meta name=\"twitter:label1\" content=\"Est. reading time\" \/>\n\t<meta name=\"twitter:data1\" content=\"1 minutua\" \/>\n<script type=\"application\/ld+json\" class=\"yoast-schema-graph\">{\"@context\":\"https:\\\/\\\/schema.org\",\"@graph\":[{\"@type\":\"WebPage\",\"@id\":\"https:\\\/\\\/letspilates.es\\\/precios-pilates-bilbao-getxo\\\/\",\"url\":\"https:\\\/\\\/letspilates.es\\\/precios-pilates-bilbao-getxo\\\/\",\"name\":\"Precios - Let&#039;s Pilates Getxo - Lets Pilates Bilbao\",\"isPartOf\":{\"@id\":\"https:\\\/\\\/letspilates.es\\\/#website\"},\"datePublished\":\"2012-10-02T15:42:50+00:00\",\"dateModified\":\"2024-06-06T10:24:35+00:00\",\"breadcrumb\":{\"@id\":\"https:\\\/\\\/letspilates.es\\\/precios-pilates-bilbao-getxo\\\/#breadcrumb\"},\"inLanguage\":\"eu\",\"potentialAction\":[{\"@type\":\"ReadAction\",\"target\":[\"https:\\\/\\\/letspilates.es\\\/precios-pilates-bilbao-getxo\\\/\"]}]},{\"@type\":\"BreadcrumbList\",\"@id\":\"https:\\\/\\\/letspilates.es\\\/precios-pilates-bilbao-getxo\\\/#breadcrumb\",\"itemListElement\":[{\"@type\":\"ListItem\",\"position\":1,\"name\":\"Portada\",\"item\":\"https:\\\/\\\/letspilates.es\\\/\"},{\"@type\":\"ListItem\",\"position\":2,\"name\":\"Precios\"}]},{\"@type\":\"WebSite\",\"@id\":\"https:\\\/\\\/letspilates.es\\\/#website\",\"url\":\"https:\\\/\\\/letspilates.es\\\/\",\"name\":\"Let&#039;s Pilates Getxo - Lets Pilates Bilbao\",\"description\":\"El aut\u00e9ntico m\u00e9todo pilates\",\"potentialAction\":[{\"@type\":\"SearchAction\",\"target\":{\"@type\":\"EntryPoint\",\"urlTemplate\":\"https:\\\/\\\/letspilates.es\\\/?s={search_term_string}\"},\"query-input\":{\"@type\":\"PropertyValueSpecification\",\"valueRequired\":true,\"valueName\":\"search_term_string\"}}],\"inLanguage\":\"eu\"}]}<\/script>\n<!-- \/ Yoast SEO plugin. -->","yoast_head_json":{"title":"Precios - Let&#039;s Pilates Getxo - Lets Pilates Bilbao","robots":{"index":"index","follow":"follow","max-snippet":"max-snippet:-1","max-image-preview":"max-image-preview:large","max-video-preview":"max-video-preview:-1"},"canonical":"https:\/\/letspilates.es\/eus\/precios-pilates-bilbao-getxo\/","og_locale":"en_US","og_type":"article","og_title":"Precios - Let&#039;s Pilates Getxo - Lets Pilates Bilbao","og_description":"Precios TARIFAS Pack inicio 4 clases privadas 240 \u20ac Clases de m\u00e1quinas 2 d\u00edas a la semana 135 \u20ac \/ mes Clases privadas \u00a060 \u20ac por sesi\u00f3n Clases semiprivadas 35 \u20ac sesi\u00f3n y pers. En Let\u00b4s Pilates ofrecemos diferentes tipos de clases en funci\u00f3n de las caracter\u00edsticas o apetencias de los clientes. Clases con m\u00e1quinas, [&hellip;]","og_url":"https:\/\/letspilates.es\/eus\/precios-pilates-bilbao-getxo\/","og_site_name":"Let&#039;s Pilates Getxo - Lets Pilates Bilbao","article_modified_time":"2024-06-06T10:24:35+00:00","twitter_card":"summary_large_image","twitter_misc":{"Est. reading time":"1 minutua"},"schema":{"@context":"https:\/\/schema.org","@graph":[{"@type":"WebPage","@id":"https:\/\/letspilates.es\/precios-pilates-bilbao-getxo\/","url":"https:\/\/letspilates.es\/precios-pilates-bilbao-getxo\/","name":"Precios - Let&#039;s Pilates Getxo - Lets Pilates Bilbao","isPartOf":{"@id":"https:\/\/letspilates.es\/#website"},"datePublished":"2012-10-02T15:42:50+00:00","dateModified":"2024-06-06T10:24:35+00:00","breadcrumb":{"@id":"https:\/\/letspilates.es\/precios-pilates-bilbao-getxo\/#breadcrumb"},"inLanguage":"eu","potentialAction":[{"@type":"ReadAction","target":["https:\/\/letspilates.es\/precios-pilates-bilbao-getxo\/"]}]},{"@type":"BreadcrumbList","@id":"https:\/\/letspilates.es\/precios-pilates-bilbao-getxo\/#breadcrumb","itemListElement":[{"@type":"ListItem","position":1,"name":"Portada","item":"https:\/\/letspilates.es\/"},{"@type":"ListItem","position":2,"name":"Precios"}]},{"@type":"WebSite","@id":"https:\/\/letspilates.es\/#website","url":"https:\/\/letspilates.es\/","name":"Let&#039;s Pilates Getxo - Lets Pilates Bilbao","description":"El aut\u00e9ntico m\u00e9todo pilates","potentialAction":[{"@type":"SearchAction","target":{"@type":"EntryPoint","urlTemplate":"https:\/\/letspilates.es\/?s={search_term_string}"},"query-input":{"@type":"PropertyValueSpecification","valueRequired":true,"valueName":"search_term_string"}}],"inLanguage":"eu"}]}},"_links":{"self":[{"href":"https:\/\/letspilates.es\/eus\/wp-json\/wp\/v2\/pages\/21","targetHints":{"allow":["GET"]}}],"collection":[{"href":"https:\/\/letspilates.es\/eus\/wp-json\/wp\/v2\/pages"}],"about":[{"href":"https:\/\/letspilates.es\/eus\/wp-json\/wp\/v2\/types\/page"}],"author":[{"embeddable":true,"href":"https:\/\/letspilates.es\/eus\/wp-json\/wp\/v2\/users\/1040"}],"replies":[{"embeddable":true,"href":"https:\/\/letspilates.es\/eus\/wp-json\/wp\/v2\/comments?post=21"}],"version-history":[{"count":43,"href":"https:\/\/letspilates.es\/eus\/wp-json\/wp\/v2\/pages\/21\/revisions"}],"predecessor-version":[{"id":130324,"href":"https:\/\/letspilates.es\/eus\/wp-json\/wp\/v2\/pages\/21\/revisions\/130324"}],"wp:attachment":[{"href":"https:\/\/letspilates.es\/eus\/wp-json\/wp\/v2\/media?parent=21"}],"curies":[{"name":"wp","href":"https:\/\/api.w.org\/{rel}","templated":true}]}}